{"id":829,"date":"2025-04-25T16:24:27","date_gmt":"2025-04-25T16:24:27","guid":{"rendered":"https:\/\/rowspirit.com\/?post_type=product&#038;p=829"},"modified":"2025-05-23T09:00:17","modified_gmt":"2025-05-23T09:00:17","slug":"muesli-keksi-sa-brusnicama-visnjama-i-chia-sjemenkama-100-g","status":"publish","type":"product","link":"https:\/\/rowspirit.com\/?product=muesli-keksi-sa-brusnicama-visnjama-i-chia-sjemenkama-100-g","title":{"rendered":"Muesli keksi sa brusnicama, vi\u0161njama i chia sjemenkama 100 g"},"content":{"rendered":"","protected":false},"excerpt":{"rendered":"<p>KEKSI SA ZOBENIM PAHULJICAMA OD CJELOVITOG<br \/>\nZRNA, BRUSNICAMA, VI\u0160NJAMA I CHIA<br \/>\nSJEMENKAMA 100 g<\/p>\n<p><strong>12 pakiranja X 100 g<\/strong><\/p>\n<p>Sastojci: ZOBENE pahuljice od cjelovitog<br \/>\nzrna 53 %, \u0161e\u0107er, maslinovo ulje, kokosovo<br \/>\nulje, ekstrudirana ri\u017ea, sjemenke biljke<br \/>\nchia (Salvia hispanica) 3,4 %, kandirane<br \/>\nbrusnice 3,4 % (brusnice 54 %, \u0161e\u0107er,<br \/>\nsuncokretovo ulje), ri\u017ein sirup, kandirane<br \/>\nvi\u0161nje 2,2 % (vi\u0161nje 84 %, \u0161e\u0107er,<br \/>\ndekstroza, suncokretovo ulje), morska sol,<br \/>\nregulator kiselosti: jabu\u010dna kise\u013cina,<br \/>\naroma.<br \/>\nMO\u017dE SADR\u017dAVATI SOJU,  MLJEKO I ORA\u0160ASTO<br \/>\nVO\u0106E.<\/p>\n<p>Spremno za konzumaciju.<\/p>\n<p>Cijena za j.m.:  18,62 \u20ac\/kg<br \/>\nNC 30 dana: 21,90 \u20ac\/kg<\/p>\n","protected":false},"featured_media":854,"template":"","meta":{"site-sidebar-layout":"default","site-content-layout":"","ast-site-content-layout":"default","site-content-style":"default","site-sidebar-style":"default","ast-global-header-display":"","ast-banner-title-visibility":"","ast-main-header-display":"","ast-hfb-above-header-display":"","ast-hfb-below-header-display":"","ast-hfb-mobile-header-display":"","site-post-title":"","ast-breadcrumbs-content":"","ast-featured-img":"","footer-sml-layout":"","theme-transparent-header-meta":"default","adv-header-id-meta":"","stick-header-meta":"default","header-above-stick-meta":"","header-main-stick-meta":"","header-below-stick-meta":"","astra-migrate-meta-layouts":"set","ast-page-background-enabled":"default","ast-page-background-meta":{"desktop":{"background-color":"var(--ast-global-color-4)","background-image":"","background-repeat":"repeat","background-position":"center center","background-size":"auto","background-attachment":"scroll","background-type":"","background-media":"","overlay-type":"","overlay-color":"","overlay-opacity":"","overlay-gradient":""},"tablet":{"background-color":"","background-image":"","background-repeat":"repeat","background-position":"center center","background-size":"auto","background-attachment":"scroll","background-type":"","background-media":"","overlay-type":"","overlay-color":"","overlay-opacity":"","overlay-gradient":""},"mobile":{"background-color":"","background-image":"","background-repeat":"repeat","background-position":"center center","background-size":"auto","background-attachment":"scroll","background-type":"","background-media":"","overlay-type":"","overlay-color":"","overlay-opacity":"","overlay-gradient":""}},"ast-content-background-meta":{"desktop":{"background-color":"var(--ast-global-color-5)","background-image":"","background-repeat":"repeat","background-position":"center center","background-size":"auto","background-attachment":"scroll","background-type":"","background-media":"","overlay-type":"","overlay-color":"","overlay-opacity":"","overlay-gradient":""},"tablet":{"background-color":"var(--ast-global-color-5)","background-image":"","background-repeat":"repeat","background-position":"center center","background-size":"auto","background-attachment":"scroll","background-type":"","background-media":"","overlay-type":"","overlay-color":"","overlay-opacity":"","overlay-gradient":""},"mobile":{"background-color":"var(--ast-global-color-5)","background-image":"","background-repeat":"repeat","background-position":"center center","background-size":"auto","background-attachment":"scroll","background-type":"","background-media":"","overlay-type":"","overlay-color":"","overlay-opacity":"","overlay-gradient":""}}},"product_brand":[],"product_cat":[19,22],"product_tag":[],"class_list":{"0":"post-829","1":"product","2":"type-product","3":"status-publish","4":"has-post-thumbnail","6":"product_cat-muesly-hearts","7":"product_cat-muesly-srca","8":"desktop-align-center","9":"tablet-align-left","10":"mobile-align-center","11":"ast-product-gallery-layout-horizontal-slider","12":"ast-product-tabs-layout-horizontal","14":"first","15":"instock","16":"sale","17":"shipping-taxable","18":"purchasable","19":"product-type-simple"},"jetpack_sharing_enabled":true,"_links":{"self":[{"href":"https:\/\/rowspirit.com\/index.php?rest_route=\/wp\/v2\/product\/829","targetHints":{"allow":["GET"]}}],"collection":[{"href":"https:\/\/rowspirit.com\/index.php?rest_route=\/wp\/v2\/product"}],"about":[{"href":"https:\/\/rowspirit.com\/index.php?rest_route=\/wp\/v2\/types\/product"}],"wp:featuredmedia":[{"embeddable":true,"href":"https:\/\/rowspirit.com\/index.php?rest_route=\/wp\/v2\/media\/854"}],"wp:attachment":[{"href":"https:\/\/rowspirit.com\/index.php?rest_route=%2Fwp%2Fv2%2Fmedia&parent=829"}],"wp:term":[{"taxonomy":"product_brand","embeddable":true,"href":"https:\/\/rowspirit.com\/index.php?rest_route=%2Fwp%2Fv2%2Fproduct_brand&post=829"},{"taxonomy":"product_cat","embeddable":true,"href":"https:\/\/rowspirit.com\/index.php?rest_route=%2Fwp%2Fv2%2Fproduct_cat&post=829"},{"taxonomy":"product_tag","embeddable":true,"href":"https:\/\/rowspirit.com\/index.php?rest_route=%2Fwp%2Fv2%2Fproduct_tag&post=829"}],"curies":[{"name":"wp","href":"https:\/\/api.w.org\/{rel}","templated":true}]}}