{"id":595,"date":"2024-09-09T12:20:43","date_gmt":"2024-09-09T12:20:43","guid":{"rendered":"https:\/\/rowspirit.com\/?post_type=product&#038;p=595"},"modified":"2025-11-06T13:30:47","modified_gmt":"2025-11-06T13:30:47","slug":"brusnica-visnja-i-chia-muesli-srca","status":"publish","type":"product","link":"https:\/\/rowspirit.com\/?product=brusnica-visnja-i-chia-muesli-srca","title":{"rendered":"Muesli keksi sa brusnicama, vi\u0161njama i chia sjemenkama 50g"},"content":{"rendered":"","protected":false},"excerpt":{"rendered":"<p>KEKSI SA ZOBENIM PAHULJICAMA OD CJELOVITOG ZRNA, BRUSNICAMA, VI\u0160NJAMA I CHIA SJEMENKAMA 50 g<\/p>\n<p>12 pakiranja <\/p>\n<p>Sastojci: ZOBENE pahuljice od cjelovitog zrna 53 %, \u0161e\u0107er, maslinovo ulje, kokosovo ulje, ekstrudirana ri\u017ea, sjemenke biljke chia (Salvia hispanica) 3,4 %, kandirane brusnice 3,4 % (brusnice 54 %, \u0161e\u0107er, suncokretovo ulje), ri\u017ein sirup, kandirane vi\u0161nje 2,2 % (vi\u0161nje 84 %, \u0161e\u0107er, dekstroza, suncokretovo ulje), morska sol, regulator kiselosti: jabu\u010dna kise\u013cina, aroma. MO\u017dE SADR\u017dAVATI SOJU, MLJEKO I ORA\u0160ASTO VO\u0106E.<\/p>\n<p>Spremno za konzumaciju.<\/p>\n<p>Cijena za j.m.: 20,23 \u20ac\/kg<br \/>\nNC 30 dana: 23,80 \u20ac\/kg<\/p>\n","protected":false},"featured_media":864,"template":"","meta":{"site-sidebar-layout":"default","site-content-layout":"","ast-site-content-layout":"default","site-content-style":"default","site-sidebar-style":"default","ast-global-header-display":"","ast-banner-title-visibility":"","ast-main-header-display":"","ast-hfb-above-header-display":"","ast-hfb-below-header-display":"","ast-hfb-mobile-header-display":"","site-post-title":"","ast-breadcrumbs-content":"","ast-featured-img":"","footer-sml-layout":"","theme-transparent-header-meta":"default","adv-header-id-meta":"","stick-header-meta":"default","header-above-stick-meta":"","header-main-stick-meta":"","header-below-stick-meta":"","astra-migrate-meta-layouts":"set","ast-page-background-enabled":"default","ast-page-background-meta":{"desktop":{"background-color":"var(--ast-global-color-4)","background-image":"","background-repeat":"repeat","background-position":"center center","background-size":"auto","background-attachment":"scroll","background-type":"","background-media":"","overlay-type":"","overlay-color":"","overlay-opacity":"","overlay-gradient":""},"tablet":{"background-color":"","background-image":"","background-repeat":"repeat","background-position":"center center","background-size":"auto","background-attachment":"scroll","background-type":"","background-media":"","overlay-type":"","overlay-color":"","overlay-opacity":"","overlay-gradient":""},"mobile":{"background-color":"","background-image":"","background-repeat":"repeat","background-position":"center center","background-size":"auto","background-attachment":"scroll","background-type":"","background-media":"","overlay-type":"","overlay-color":"","overlay-opacity":"","overlay-gradient":""}},"ast-content-background-meta":{"desktop":{"background-color":"var(--ast-global-color-5)","background-image":"","background-repeat":"repeat","background-position":"center center","background-size":"auto","background-attachment":"scroll","background-type":"","background-media":"","overlay-type":"","overlay-color":"","overlay-opacity":"","overlay-gradient":""},"tablet":{"background-color":"var(--ast-global-color-5)","background-image":"","background-repeat":"repeat","background-position":"center center","background-size":"auto","background-attachment":"scroll","background-type":"","background-media":"","overlay-type":"","overlay-color":"","overlay-opacity":"","overlay-gradient":""},"mobile":{"background-color":"var(--ast-global-color-5)","background-image":"","background-repeat":"repeat","background-position":"center center","background-size":"auto","background-attachment":"scroll","background-type":"","background-media":"","overlay-type":"","overlay-color":"","overlay-opacity":"","overlay-gradient":""}}},"product_brand":[],"product_cat":[19,22],"product_tag":[],"class_list":{"0":"post-595","1":"product","2":"type-product","3":"status-publish","4":"has-post-thumbnail","6":"product_cat-muesly-hearts","7":"product_cat-muesly-srca","8":"desktop-align-center","9":"tablet-align-left","10":"mobile-align-center","11":"ast-product-gallery-layout-horizontal-slider","12":"ast-product-tabs-layout-horizontal","14":"first","15":"instock","16":"sale","17":"shipping-taxable","18":"purchasable","19":"product-type-simple"},"jetpack_sharing_enabled":true,"_links":{"self":[{"href":"https:\/\/rowspirit.com\/index.php?rest_route=\/wp\/v2\/product\/595","targetHints":{"allow":["GET"]}}],"collection":[{"href":"https:\/\/rowspirit.com\/index.php?rest_route=\/wp\/v2\/product"}],"about":[{"href":"https:\/\/rowspirit.com\/index.php?rest_route=\/wp\/v2\/types\/product"}],"wp:featuredmedia":[{"embeddable":true,"href":"https:\/\/rowspirit.com\/index.php?rest_route=\/wp\/v2\/media\/864"}],"wp:attachment":[{"href":"https:\/\/rowspirit.com\/index.php?rest_route=%2Fwp%2Fv2%2Fmedia&parent=595"}],"wp:term":[{"taxonomy":"product_brand","embeddable":true,"href":"https:\/\/rowspirit.com\/index.php?rest_route=%2Fwp%2Fv2%2Fproduct_brand&post=595"},{"taxonomy":"product_cat","embeddable":true,"href":"https:\/\/rowspirit.com\/index.php?rest_route=%2Fwp%2Fv2%2Fproduct_cat&post=595"},{"taxonomy":"product_tag","embeddable":true,"href":"https:\/\/rowspirit.com\/index.php?rest_route=%2Fwp%2Fv2%2Fproduct_tag&post=595"}],"curies":[{"name":"wp","href":"https:\/\/api.w.org\/{rel}","templated":true}]}}