{"id":423,"date":"2024-08-17T09:41:23","date_gmt":"2024-08-17T09:41:23","guid":{"rendered":"https:\/\/rowspirit.com\/?post_type=product&#038;p=423"},"modified":"2025-02-25T09:32:54","modified_gmt":"2025-02-25T09:32:54","slug":"quinoa-apple-and-cinnamon-oatmeal-20-packs","status":"publish","type":"product","link":"https:\/\/rowspirit.com\/?product=quinoa-apple-and-cinnamon-oatmeal-20-packs","title":{"rendered":"Zobena ka\u0161a s jabukama, cimetom i kvinojom"},"content":{"rendered":"","protected":false},"excerpt":{"rendered":"<div>20 pakiranja. Pakiranje sadr\u017ei jedan obrok.<\/div>\n<div>\n<p><span class=\"s2\">Smjesa<\/span><span class=\"s2\"> u prahu<\/span><span class=\"s2\"> za pripremu <\/span><span class=\"s2\">ka\u0161e sa pahuljicama od <\/span><span class=\"s2\">proklija<\/span><span class=\"s2\">l<\/span><span class=\"s2\">ih<\/span><span class=\"s2\"> zrna<\/span><span class=\"s2\"> zobi<\/span><span class=\"s2\">,<\/span><span class=\"s2\">kvinojom<\/span><span class=\"s2\">, jabukama i cimetom<\/span><span class=\"s2\">.<\/span><span class=\"s2\"> Bez glutena.<\/span><\/p>\n<p class=\"s4\"><span class=\"s2\">Sastojci<\/span>: pahuljice od proklijalih zrna <span class=\"s2\">zobi <\/span>bez glutena * 68 %, hrskave pahuljice od crvene kvinoje 10 %, \u0161e\u0107er, su\u0161ene jabuke 6 %, su\u0161ene jabuke u prahu 5 %, obrano <span class=\"s2\">mlijeko<\/span> u prahu, morska sol, mljeveni cimet 0,1 %, prirodna aroma.<\/p>\n<p><span class=\"s2\">Mo\u017ee sadr\u017eavati<\/span><span class=\"s2\"> tragove<\/span><span class=\"s2\"> jaja, kikiriki<\/span><span class=\"s2\">ja<\/span><span class=\"s2\">, soj<\/span><span class=\"s2\">e<\/span><span class=\"s2\">,<\/span> <span class=\"s2\">ora\u0161asto<\/span><span class=\"s2\">g<\/span><span class=\"s2\"> vo\u0107<\/span><span class=\"s2\">a<\/span><span class=\"s2\">, sjeme<\/span><span class=\"s2\">na sezama<\/span><span class=\"s2\">.<\/span><a name=\"_Hlk118280511\"><\/a> *sadr\u017eaj glutena &lt;20 mg\/kg.<\/p>\n<p><span class=\"s2\">Upute za pripremu:<\/span> usuti sadr\u017eaj vre\u0107ice u zdjelu ili \u0161alicu, dodati 130 \u2013 160 ml vru\u0107e vode i dobro promije\u0161ati. Ostaviti da stoji 3-5 minuta i odmah konzumirati.<\/p>\n<\/div>\n<p>Cijena za j.m.:  15,56 \u20ac\/kg<br \/>\nNC 30 dana: 18,31 \u20ac\/kg<\/p>\n","protected":false},"featured_media":798,"template":"","meta":{"site-sidebar-layout":"default","site-content-layout":"","ast-site-content-layout":"default","site-content-style":"default","site-sidebar-style":"default","ast-global-header-display":"","ast-banner-title-visibility":"","ast-main-header-display":"","ast-hfb-above-header-display":"","ast-hfb-below-header-display":"","ast-hfb-mobile-header-display":"","site-post-title":"","ast-breadcrumbs-content":"","ast-featured-img":"","footer-sml-layout":"","theme-transparent-header-meta":"default","adv-header-id-meta":"","stick-header-meta":"default","header-above-stick-meta":"","header-main-stick-meta":"","header-below-stick-meta":"","astra-migrate-meta-layouts":"set","ast-page-background-enabled":"default","ast-page-background-meta":{"desktop":{"background-color":"var(--ast-global-color-4)","background-image":"","background-repeat":"repeat","background-position":"center center","background-size":"auto","background-attachment":"scroll","background-type":"","background-media":"","overlay-type":"","overlay-color":"","overlay-opacity":"","overlay-gradient":""},"tablet":{"background-color":"","background-image":"","background-repeat":"repeat","background-position":"center center","background-size":"auto","background-attachment":"scroll","background-type":"","background-media":"","overlay-type":"","overlay-color":"","overlay-opacity":"","overlay-gradient":""},"mobile":{"background-color":"","background-image":"","background-repeat":"repeat","background-position":"center center","background-size":"auto","background-attachment":"scroll","background-type":"","background-media":"","overlay-type":"","overlay-color":"","overlay-opacity":"","overlay-gradient":""}},"ast-content-background-meta":{"desktop":{"background-color":"var(--ast-global-color-5)","background-image":"","background-repeat":"repeat","background-position":"center center","background-size":"auto","background-attachment":"scroll","background-type":"","background-media":"","overlay-type":"","overlay-color":"","overlay-opacity":"","overlay-gradient":""},"tablet":{"background-color":"var(--ast-global-color-5)","background-image":"","background-repeat":"repeat","background-position":"center center","background-size":"auto","background-attachment":"scroll","background-type":"","background-media":"","overlay-type":"","overlay-color":"","overlay-opacity":"","overlay-gradient":""},"mobile":{"background-color":"var(--ast-global-color-5)","background-image":"","background-repeat":"repeat","background-position":"center center","background-size":"auto","background-attachment":"scroll","background-type":"","background-media":"","overlay-type":"","overlay-color":"","overlay-opacity":"","overlay-gradient":""}}},"product_brand":[],"product_cat":[20,23],"product_tag":[],"class_list":{"0":"post-423","1":"product","2":"type-product","3":"status-publish","4":"has-post-thumbnail","6":"product_cat-oats","7":"product_cat-zobene","8":"desktop-align-center","9":"tablet-align-left","10":"mobile-align-center","11":"ast-product-gallery-layout-horizontal-slider","12":"ast-product-tabs-layout-horizontal","14":"first","15":"instock","16":"sale","17":"shipping-taxable","18":"purchasable","19":"product-type-simple"},"jetpack_sharing_enabled":true,"_links":{"self":[{"href":"https:\/\/rowspirit.com\/index.php?rest_route=\/wp\/v2\/product\/423","targetHints":{"allow":["GET"]}}],"collection":[{"href":"https:\/\/rowspirit.com\/index.php?rest_route=\/wp\/v2\/product"}],"about":[{"href":"https:\/\/rowspirit.com\/index.php?rest_route=\/wp\/v2\/types\/product"}],"wp:featuredmedia":[{"embeddable":true,"href":"https:\/\/rowspirit.com\/index.php?rest_route=\/wp\/v2\/media\/798"}],"wp:attachment":[{"href":"https:\/\/rowspirit.com\/index.php?rest_route=%2Fwp%2Fv2%2Fmedia&parent=423"}],"wp:term":[{"taxonomy":"product_brand","embeddable":true,"href":"https:\/\/rowspirit.com\/index.php?rest_route=%2Fwp%2Fv2%2Fproduct_brand&post=423"},{"taxonomy":"product_cat","embeddable":true,"href":"https:\/\/rowspirit.com\/index.php?rest_route=%2Fwp%2Fv2%2Fproduct_cat&post=423"},{"taxonomy":"product_tag","embeddable":true,"href":"https:\/\/rowspirit.com\/index.php?rest_route=%2Fwp%2Fv2%2Fproduct_tag&post=423"}],"curies":[{"name":"wp","href":"https:\/\/api.w.org\/{rel}","templated":true}]}}